{"id":96,"date":"2018-11-22T12:36:56","date_gmt":"2018-11-22T12:36:56","guid":{"rendered":"http:\/\/www.colegioarautos.net\/?page_id=96"},"modified":"2018-11-22T15:23:29","modified_gmt":"2018-11-22T15:23:29","slug":"actividades","status":"publish","type":"page","link":"https:\/\/www.colegioarautos.net\/?page_id=96","title":{"rendered":"Forma\u00e7\u00e3o Integral"},"content":{"rendered":"\n<p>Almejando proporcionar aos jovens, aspirantes a Arautos do Evangelho, uma esmerada forma\u00e7\u00e3o cultural e religiosa, aliada a momentos de sadio entretenimento, o Col\u00e9gio Arautos do Evangelho utiliza-se da m\u00fasica, do desporto e de variadas atividades l\u00fadicas como complemento indispens\u00e1vel para o despertar das potencialidades de cada estudante.<\/p>\n\n\n\n<figure class=\"wp-block-image\"><img loading=\"lazy\" decoding=\"async\" width=\"640\" height=\"427\" src=\"http:\/\/www.colegioarautos.net\/wp-content\/uploads\/2018\/11\/002-2.jpg\" alt=\"\" class=\"wp-image-159\" srcset=\"https:\/\/www.colegioarautos.net\/wp-content\/uploads\/2018\/11\/002-2.jpg 640w, https:\/\/www.colegioarautos.net\/wp-content\/uploads\/2018\/11\/002-2-300x200.jpg 300w\" sizes=\"auto, (max-width: 640px) 100vw, 640px\" \/><\/figure>\n\n\n\n<p>Estimulados por um ambiente de alegre idealismo, v\u00e1rios jovens, outrora desinteressados pelos estudos, e depois de alguns anos de caminhada com os Arautos,&nbsp;obtiveram como resultado do seu esfor\u00e7o a prestigiosa posi\u00e7\u00e3o de 5o lugar nacional para o col\u00e9gio Arautos do Evangelho, no Ranking do Ensino Secund\u00e1rio.<\/p>\n\n\n\n<ul class=\"wp-block-gallery columns-2 is-cropped wp-block-gallery-1 is-layout-flex wp-block-gallery-is-layout-flex\"><li class=\"blocks-gallery-item\"><figure><img loading=\"lazy\" decoding=\"async\" width=\"640\" height=\"426\" src=\"http:\/\/www.colegioarautos.net\/wp-content\/uploads\/2018\/11\/AEA_7466-1.jpg\" alt=\"\" data-id=\"126\" data-link=\"http:\/\/www.colegioarautos.net\/?attachment_id=126\" class=\"wp-image-126\" srcset=\"https:\/\/www.colegioarautos.net\/wp-content\/uploads\/2018\/11\/AEA_7466-1.jpg 640w, https:\/\/www.colegioarautos.net\/wp-content\/uploads\/2018\/11\/AEA_7466-1-300x200.jpg 300w\" sizes=\"auto, (max-width: 640px) 100vw, 640px\" \/><\/figure><\/li><li class=\"blocks-gallery-item\"><figure><img loading=\"lazy\" decoding=\"async\" width=\"640\" height=\"426\" src=\"http:\/\/www.colegioarautos.net\/wp-content\/uploads\/2018\/11\/AEA_8564-1.jpg\" alt=\"\" data-id=\"127\" data-link=\"http:\/\/www.colegioarautos.net\/?attachment_id=127\" class=\"wp-image-127\" srcset=\"https:\/\/www.colegioarautos.net\/wp-content\/uploads\/2018\/11\/AEA_8564-1.jpg 640w, https:\/\/www.colegioarautos.net\/wp-content\/uploads\/2018\/11\/AEA_8564-1-300x200.jpg 300w\" sizes=\"auto, (max-width: 640px) 100vw, 640px\" \/><\/figure><\/li><li class=\"blocks-gallery-item\"><figure><img loading=\"lazy\" decoding=\"async\" width=\"640\" height=\"426\" src=\"http:\/\/www.colegioarautos.net\/wp-content\/uploads\/2018\/11\/AEA_2394-1.jpg\" alt=\"\" data-id=\"124\" data-link=\"http:\/\/www.colegioarautos.net\/?attachment_id=124\" class=\"wp-image-124\" srcset=\"https:\/\/www.colegioarautos.net\/wp-content\/uploads\/2018\/11\/AEA_2394-1.jpg 640w, https:\/\/www.colegioarautos.net\/wp-content\/uploads\/2018\/11\/AEA_2394-1-300x200.jpg 300w\" sizes=\"auto, (max-width: 640px) 100vw, 640px\" \/><\/figure><\/li><li class=\"blocks-gallery-item\"><figure><img loading=\"lazy\" decoding=\"async\" width=\"640\" height=\"426\" src=\"http:\/\/www.colegioarautos.net\/wp-content\/uploads\/2018\/11\/AEA_2129-1.jpg\" alt=\"\" data-id=\"123\" data-link=\"http:\/\/www.colegioarautos.net\/?attachment_id=123\" class=\"wp-image-123\" srcset=\"https:\/\/www.colegioarautos.net\/wp-content\/uploads\/2018\/11\/AEA_2129-1.jpg 640w, https:\/\/www.colegioarautos.net\/wp-content\/uploads\/2018\/11\/AEA_2129-1-300x200.jpg 300w\" sizes=\"auto, (max-width: 640px) 100vw, 640px\" \/><\/figure><\/li><li class=\"blocks-gallery-item\"><figure><img loading=\"lazy\" decoding=\"async\" width=\"640\" height=\"426\" src=\"http:\/\/www.colegioarautos.net\/wp-content\/uploads\/2018\/11\/AEA_3902-2.jpg\" alt=\"\" data-id=\"163\" data-link=\"http:\/\/www.colegioarautos.net\/?attachment_id=163\" class=\"wp-image-163\" srcset=\"https:\/\/www.colegioarautos.net\/wp-content\/uploads\/2018\/11\/AEA_3902-2.jpg 640w, https:\/\/www.colegioarautos.net\/wp-content\/uploads\/2018\/11\/AEA_3902-2-300x200.jpg 300w\" sizes=\"auto, (max-width: 640px) 100vw, 640px\" \/><\/figure><\/li><\/ul>\n","protected":false},"excerpt":{"rendered":"<p>Almejando proporcionar aos jovens, aspirantes a Arautos do Evangelho, uma esmerada forma\u00e7\u00e3o cultural e religiosa, aliada a momentos de sadio entretenimento, o Col\u00e9gio Arautos do Evangelho utiliza-se da&#46;&#46;&#46;<\/p>\n","protected":false},"author":4,"featured_media":0,"parent":0,"menu_order":0,"comment_status":"closed","ping_status":"closed","template":"","meta":{"_acf_changed":false,"ngg_post_thumbnail":0,"footnotes":""},"class_list":["post-96","page","type-page","status-publish","hentry"],"acf":[],"_links":{"self":[{"href":"https:\/\/www.colegioarautos.net\/index.php?rest_route=\/wp\/v2\/pages\/96","targetHints":{"allow":["GET"]}}],"collection":[{"href":"https:\/\/www.colegioarautos.net\/index.php?rest_route=\/wp\/v2\/pages"}],"about":[{"href":"https:\/\/www.colegioarautos.net\/index.php?rest_route=\/wp\/v2\/types\/page"}],"author":[{"embeddable":true,"href":"https:\/\/www.colegioarautos.net\/index.php?rest_route=\/wp\/v2\/users\/4"}],"replies":[{"embeddable":true,"href":"https:\/\/www.colegioarautos.net\/index.php?rest_route=%2Fwp%2Fv2%2Fcomments&post=96"}],"version-history":[{"count":5,"href":"https:\/\/www.colegioarautos.net\/index.php?rest_route=\/wp\/v2\/pages\/96\/revisions"}],"predecessor-version":[{"id":166,"href":"https:\/\/www.colegioarautos.net\/index.php?rest_route=\/wp\/v2\/pages\/96\/revisions\/166"}],"wp:attachment":[{"href":"https:\/\/www.colegioarautos.net\/index.php?rest_route=%2Fwp%2Fv2%2Fmedia&parent=96"}],"curies":[{"name":"wp","href":"https:\/\/api.w.org\/{rel}","templated":true}]}}